{"id":3,"date":"2025-10-08T18:00:38","date_gmt":"2025-10-08T18:00:38","guid":{"rendered":"http:\/\/sh00568\/cgi\/addon_GT.cgi?s=GT::WP::Install::Cpanel+%28qcirljmy%29+-+127.0.0.1+%5Bnocaller%5D\/?page_id=3"},"modified":"2025-12-04T17:07:42","modified_gmt":"2025-12-04T17:07:42","slug":"politica-de-privacidad","status":"publish","type":"page","link":"https:\/\/ooatravel.com\/es\/privacy-policy\/","title":{"rendered":"pol\u00edtica de privacidad"},"content":{"rendered":"[et_pb_section fb_built=&#8221;1&#8243; admin_label=&#8221;section&#8221; _builder_version=&#8221;4.16&#8243; global_colors_info=&#8221;{}&#8221;][et_pb_row admin_label=&#8221;row&#8221; _builder_version=&#8221;4.16&#8243; background_size=&#8221;initial&#8221; background_position=&#8221;top_left&#8221; background_repeat=&#8221;repeat&#8221; global_colors_info=&#8221;{}&#8221;][et_pb_column type=&#8221;4_4&#8243; _builder_version=&#8221;4.16&#8243; custom_padding=&#8221;|||&#8221; global_colors_info=&#8221;{}&#8221; custom_padding__hover=&#8221;|||&#8221;][et_pb_text admin_label=&#8221;Text&#8221; _builder_version=&#8221;4.16&#8243; background_size=&#8221;initial&#8221; background_position=&#8221;top_left&#8221; background_repeat=&#8221;repeat&#8221; global_colors_info=&#8221;{}&#8221;]<p><\/p>\n<h2 class=\"wp-block-heading\">Who we are<\/h2>\n<p><br \/><\/p>\n<p>Our website address is: http:\/\/www.ooatravel.com<\/p>\n<p><br \/><\/p>\n<h2 class=\"wp-block-heading\">Comments<\/h2>\n<p><br \/><\/p>\n<p>When visitors leave comments on the site we collect the data shown in the comments form, and also the visitor\u2019s IP address and browser user agent string to help spam detection.<\/p>\n<p><br \/><\/p>\n<p>An anonymized string created from your email address (also called a hash) may be provided to the Gravatar service to see if you are using it. The Gravatar service privacy policy is available here: https:\/\/automattic.com\/privacy\/. After approval of your comment, your profile picture is visible to the public in the context of your comment.<\/p>\n<p><br \/><\/p>\n<h2 class=\"wp-block-heading\">Media<\/h2>\n<p><br \/><\/p>\n<p>If you upload images to the website, you should avoid uploading images with embedded location data (EXIF GPS) included. Visitors to the website can download and extract any location data from images on the website.<\/p>\n<p><br \/><\/p>\n<h2 class=\"wp-block-heading\">Cookies<\/h2>\n<p><br \/><\/p>\n<p><strong class=\"privacy-policy-tutorial\">\u00a0<\/strong>If you leave a comment on our site you may opt-in to saving your name, email address and website in cookies. These are for your convenience so that you do not have to fill in your details again when you leave another comment. These cookies will last for one year.<\/p>\n<p><br \/><\/p>\n<p>If you visit our login page, we will set a temporary cookie to determine if your browser accepts cookies. This cookie contains no personal data and is discarded when you close your browser.<\/p>\n<p><br \/><\/p>\n<p>When you log in, we will also set up several cookies to save your login information and your screen display choices. Login cookies last for two days, and screen options cookies last for a year. If you select &#8220;Remember Me&#8221;, your login will persist for two weeks. If you log out of your account, the login cookies will be removed.<\/p>\n<p><br \/><\/p>\n<p>If you edit or publish an article, an additional cookie will be saved in your browser. This cookie includes no personal data and simply indicates the post ID of the article you just edited. It expires after 1 day.<\/p>\n<p><br \/><\/p>\n<h2 class=\"wp-block-heading\">Embedded content from other websites<\/h2>\n<p><br \/><\/p>\n<p>Articles on this site may include embedded content (e.g. videos, images, articles, etc.). Embedded content from other websites behaves in the exact same way as if the visitor has visited the other website.<\/p>\n<p><br \/><\/p>\n<p>These websites may collect data about you, use cookies, embed additional third-party tracking, and monitor your interaction with that embedded content, including tracking your interaction with the embedded content if you have an account and are logged in to that website.<\/p>\n<p><br \/><\/p>\n<h2 class=\"wp-block-heading\">Who we share your data with<\/h2>\n<p><br \/><\/p>\n<p>If you request a password reset, your IP address will be included in the reset email.<\/p>\n<p><br \/><\/p>\n<h2 class=\"wp-block-heading\">How long we retain your data<\/h2>\n<p><br \/><\/p>\n<p>If you leave a comment, the comment and its metadata are retained indefinitely. This is so we can recognize and approve any follow-up comments automatically instead of holding them in a moderation queue.<\/p>\n<p><br \/><\/p>\n<p>For users that register on our website (if any), we also store the personal information they provide in their user profile. All users can see, edit, or delete their personal information at any time (except they cannot change their username). Website administrators can also see and edit that information.<\/p>\n<p><br \/><\/p>\n<h2 class=\"wp-block-heading\">What rights you have over your data<\/h2>\n<p><br \/><\/p>\n<p>If you have an account on this site, or have left comments, you can request to receive an exported file of the personal data we hold about you, including any data you have provided to us. You can also request that we erase any personal data we hold about you. This does not include any data we are obliged to keep for administrative, legal, or security purposes.<\/p>\n<p><br \/><\/p>\n<h2 class=\"wp-block-heading\">Where your data is sent<\/h2>\n<p><br \/><\/p>\n<p>Visitor comments may be checked through an automated spam detection service.<\/p>\n<p><\/p>[\/et_pb_text][\/et_pb_column][\/et_pb_row][\/et_pb_section]","protected":false},"excerpt":{"rendered":"<p>Who we are Our website address is: http:\/\/www.ooatravel.com Comments When visitors leave comments on the site we collect the data shown in the comments form, and also the visitor\u2019s IP address and browser user agent string to help spam detection. An anonymized string created from your email address (also called a hash) may be provided [&hellip;]<\/p>\n","protected":false},"author":1,"featured_media":0,"parent":0,"menu_order":0,"comment_status":"closed","ping_status":"open","template":"","meta":{"nf_dc_page":"","_et_pb_use_builder":"on","_et_pb_old_content":"<!-- wp:heading -->\n<h2 class=\"wp-block-heading\">Who we are<\/h2>\n<!-- \/wp:heading -->\n<!-- wp:paragraph -->\n<p><strong class=\"privacy-policy-tutorial\">Suggested text: <\/strong>Our website address is: http:\/\/sh00568\/cgi\/addon_GT.cgi?s=GT::WP::Install::Cpanel+%28qcirljmy%29+-+127.0.0.1+%5Bnocaller%5D.<\/p>\n<!-- \/wp:paragraph -->\n<!-- wp:heading -->\n<h2 class=\"wp-block-heading\">Comments<\/h2>\n<!-- \/wp:heading -->\n<!-- wp:paragraph -->\n<p><strong class=\"privacy-policy-tutorial\">Suggested text: <\/strong>When visitors leave comments on the site we collect the data shown in the comments form, and also the visitor&#8217;s IP address and browser user agent string to help spam detection.<\/p>\n<!-- \/wp:paragraph -->\n<!-- wp:paragraph -->\n<p>An anonymized string created from your email address (also called a hash) may be provided to the Gravatar service to see if you are using it. The Gravatar service privacy policy is available here: https:\/\/automattic.com\/privacy\/. After approval of your comment, your profile picture is visible to the public in the context of your comment.<\/p>\n<!-- \/wp:paragraph -->\n<!-- wp:heading -->\n<h2 class=\"wp-block-heading\">Media<\/h2>\n<!-- \/wp:heading -->\n<!-- wp:paragraph -->\n<p><strong class=\"privacy-policy-tutorial\">Suggested text: <\/strong>If you upload images to the website, you should avoid uploading images with embedded location data (EXIF GPS) included. Visitors to the website can download and extract any location data from images on the website.<\/p>\n<!-- \/wp:paragraph -->\n<!-- wp:heading -->\n<h2 class=\"wp-block-heading\">Cookies<\/h2>\n<!-- \/wp:heading -->\n<!-- wp:paragraph -->\n<p><strong class=\"privacy-policy-tutorial\">Suggested text: <\/strong>If you leave a comment on our site you may opt-in to saving your name, email address and website in cookies. These are for your convenience so that you do not have to fill in your details again when you leave another comment. These cookies will last for one year.<\/p>\n<!-- \/wp:paragraph -->\n<!-- wp:paragraph -->\n<p>If you visit our login page, we will set a temporary cookie to determine if your browser accepts cookies. This cookie contains no personal data and is discarded when you close your browser.<\/p>\n<!-- \/wp:paragraph -->\n<!-- wp:paragraph -->\n<p>When you log in, we will also set up several cookies to save your login information and your screen display choices. Login cookies last for two days, and screen options cookies last for a year. If you select &quot;Remember Me&quot;, your login will persist for two weeks. If you log out of your account, the login cookies will be removed.<\/p>\n<!-- \/wp:paragraph -->\n<!-- wp:paragraph -->\n<p>If you edit or publish an article, an additional cookie will be saved in your browser. This cookie includes no personal data and simply indicates the post ID of the article you just edited. It expires after 1 day.<\/p>\n<!-- \/wp:paragraph -->\n<!-- wp:heading -->\n<h2 class=\"wp-block-heading\">Embedded content from other websites<\/h2>\n<!-- \/wp:heading -->\n<!-- wp:paragraph -->\n<p><strong class=\"privacy-policy-tutorial\">Suggested text: <\/strong>Articles on this site may include embedded content (e.g. videos, images, articles, etc.). Embedded content from other websites behaves in the exact same way as if the visitor has visited the other website.<\/p>\n<!-- \/wp:paragraph -->\n<!-- wp:paragraph -->\n<p>These websites may collect data about you, use cookies, embed additional third-party tracking, and monitor your interaction with that embedded content, including tracking your interaction with the embedded content if you have an account and are logged in to that website.<\/p>\n<!-- \/wp:paragraph -->\n<!-- wp:heading -->\n<h2 class=\"wp-block-heading\">Who we share your data with<\/h2>\n<!-- \/wp:heading -->\n<!-- wp:paragraph -->\n<p><strong class=\"privacy-policy-tutorial\">Suggested text: <\/strong>If you request a password reset, your IP address will be included in the reset email.<\/p>\n<!-- \/wp:paragraph -->\n<!-- wp:heading -->\n<h2 class=\"wp-block-heading\">How long we retain your data<\/h2>\n<!-- \/wp:heading -->\n<!-- wp:paragraph -->\n<p><strong class=\"privacy-policy-tutorial\">Suggested text: <\/strong>If you leave a comment, the comment and its metadata are retained indefinitely. This is so we can recognize and approve any follow-up comments automatically instead of holding them in a moderation queue.<\/p>\n<!-- \/wp:paragraph -->\n<!-- wp:paragraph -->\n<p>For users that register on our website (if any), we also store the personal information they provide in their user profile. All users can see, edit, or delete their personal information at any time (except they cannot change their username). Website administrators can also see and edit that information.<\/p>\n<!-- \/wp:paragraph -->\n<!-- wp:heading -->\n<h2 class=\"wp-block-heading\">What rights you have over your data<\/h2>\n<!-- \/wp:heading -->\n<!-- wp:paragraph -->\n<p><strong class=\"privacy-policy-tutorial\">Suggested text: <\/strong>If you have an account on this site, or have left comments, you can request to receive an exported file of the personal data we hold about you, including any data you have provided to us. You can also request that we erase any personal data we hold about you. This does not include any data we are obliged to keep for administrative, legal, or security purposes.<\/p>\n<!-- \/wp:paragraph -->\n<!-- wp:heading -->\n<h2 class=\"wp-block-heading\">Where your data is sent<\/h2>\n<!-- \/wp:heading -->\n<!-- wp:paragraph -->\n<p><strong class=\"privacy-policy-tutorial\">Suggested text: <\/strong>Visitor comments may be checked through an automated spam detection service.<\/p>\n<!-- \/wp:paragraph -->\n","_et_gb_content_width":"","om_disable_all_campaigns":false,"_monsterinsights_skip_tracking":false,"_monsterinsights_sitenote_active":false,"_monsterinsights_sitenote_note":"","_monsterinsights_sitenote_category":0,"_uf_show_specific_survey":0,"_uf_disable_surveys":false,"footnotes":""},"class_list":["post-3","page","type-page","status-publish","hentry"],"yoast_head":"<!-- This site is optimized with the Yoast SEO Premium plugin v26.5 (Yoast SEO v27.4) - https:\/\/yoast.com\/product\/yoast-seo-premium-wordpress\/ -->\n<title>Privacy Policy | Out on Adventure Travel Experts<\/title>\n<meta name=\"description\" content=\"Book expertly curated travel with Out on Adventure\u2014premium cruises, VIP casino comp sailings, luxury resorts and personalized planning from certified travel advisors.\" \/>\n<meta name=\"robots\" content=\"index, follow, max-snippet:-1, max-image-preview:large, max-video-preview:-1\" \/>\n<link rel=\"canonical\" href=\"https:\/\/ooatravel.com\/es\/politica-de-privacidad\/\" \/>\n<meta property=\"og:locale\" content=\"es_ES\" \/>\n<meta property=\"og:type\" content=\"article\" \/>\n<meta property=\"og:title\" content=\"Out on Adventure Travel Experts\" \/>\n<meta property=\"og:description\" content=\"Premium cruises, VIP casino sailings, exclusive resort perks and expertly curated travel planning from Out on Adventure. Your next escape starts here.\" \/>\n<meta property=\"og:url\" content=\"https:\/\/ooatravel.com\/es\/politica-de-privacidad\/\" \/>\n<meta property=\"og:site_name\" content=\"Out on Adventure\" \/>\n<meta property=\"article:publisher\" content=\"https:\/\/www.facebook.com\/outonadventure\" \/>\n<meta property=\"article:modified_time\" content=\"2025-12-04T17:07:42+00:00\" \/>\n<meta property=\"og:image\" content=\"https:\/\/i0.wp.com\/ooatravel.com\/wp-content\/uploads\/2025\/11\/Logo-Jason-Shoemaker.webp?fit=500%2C500&ssl=1\" \/>\n\t<meta property=\"og:image:width\" content=\"500\" \/>\n\t<meta property=\"og:image:height\" content=\"500\" \/>\n\t<meta property=\"og:image:type\" content=\"image\/webp\" \/>\n<meta name=\"twitter:card\" content=\"summary_large_image\" \/>\n<meta name=\"twitter:label1\" content=\"Tiempo de lectura\" \/>\n\t<meta name=\"twitter:data1\" content=\"3 minutos\" \/>\n<script type=\"application\/ld+json\" class=\"yoast-schema-graph\">{\"@context\":\"https:\\\/\\\/schema.org\",\"@graph\":[{\"@type\":[\"Article\",\"BlogPosting\"],\"@id\":\"https:\\\/\\\/ooatravel.com\\\/privacy-policy\\\/#article\",\"isPartOf\":{\"@id\":\"https:\\\/\\\/ooatravel.com\\\/privacy-policy\\\/\"},\"author\":{\"name\":\"Jason\",\"@id\":\"https:\\\/\\\/ooatravel.com\\\/#\\\/schema\\\/person\\\/0ea7ed5dcc642cf272584b1d3b0f9c93\"},\"headline\":\"Privacy Policy\",\"datePublished\":\"2025-10-08T18:00:38+00:00\",\"dateModified\":\"2025-12-04T17:07:42+00:00\",\"mainEntityOfPage\":{\"@id\":\"https:\\\/\\\/ooatravel.com\\\/privacy-policy\\\/\"},\"wordCount\":682,\"publisher\":{\"@id\":\"https:\\\/\\\/ooatravel.com\\\/#organization\"},\"inLanguage\":\"es\"},{\"@type\":\"WebPage\",\"@id\":\"https:\\\/\\\/ooatravel.com\\\/privacy-policy\\\/\",\"url\":\"https:\\\/\\\/ooatravel.com\\\/privacy-policy\\\/\",\"name\":\"Privacy Policy | Out on Adventure Travel Experts\",\"isPartOf\":{\"@id\":\"https:\\\/\\\/ooatravel.com\\\/#website\"},\"datePublished\":\"2025-10-08T18:00:38+00:00\",\"dateModified\":\"2025-12-04T17:07:42+00:00\",\"description\":\"Book expertly curated travel with Out on Adventure\u2014premium cruises, VIP casino comp sailings, luxury resorts and personalized planning from certified travel advisors.\",\"breadcrumb\":{\"@id\":\"https:\\\/\\\/ooatravel.com\\\/privacy-policy\\\/#breadcrumb\"},\"inLanguage\":\"es\",\"potentialAction\":[{\"@type\":\"ReadAction\",\"target\":[\"https:\\\/\\\/ooatravel.com\\\/privacy-policy\\\/\"]}]},{\"@type\":\"BreadcrumbList\",\"@id\":\"https:\\\/\\\/ooatravel.com\\\/privacy-policy\\\/#breadcrumb\",\"itemListElement\":[{\"@type\":\"ListItem\",\"position\":1,\"name\":\"Home\",\"item\":\"https:\\\/\\\/ooatravel.com\\\/\"},{\"@type\":\"ListItem\",\"position\":2,\"name\":\"Privacy Policy\"}]},{\"@type\":\"WebSite\",\"@id\":\"https:\\\/\\\/ooatravel.com\\\/#website\",\"url\":\"https:\\\/\\\/ooatravel.com\\\/\",\"name\":\"Out on Adventure Travel Experts\",\"description\":\"Cruises. Resorts. VIP Casino Travel. Expertly curated for every traveler.\",\"publisher\":{\"@id\":\"https:\\\/\\\/ooatravel.com\\\/#organization\"},\"alternateName\":\"OOA Travel | Jason Shoemaker\",\"potentialAction\":[{\"@type\":\"SearchAction\",\"target\":{\"@type\":\"EntryPoint\",\"urlTemplate\":\"https:\\\/\\\/ooatravel.com\\\/?s={search_term_string}\"},\"query-input\":{\"@type\":\"PropertyValueSpecification\",\"valueRequired\":true,\"valueName\":\"search_term_string\"}}],\"inLanguage\":\"es\"},{\"@type\":\"Organization\",\"@id\":\"https:\\\/\\\/ooatravel.com\\\/#organization\",\"name\":\"Out on Adventure Travel Experts\",\"alternateName\":\"OOA Travel\",\"url\":\"https:\\\/\\\/ooatravel.com\\\/\",\"logo\":{\"@type\":\"ImageObject\",\"inLanguage\":\"es\",\"@id\":\"https:\\\/\\\/ooatravel.com\\\/#\\\/schema\\\/logo\\\/image\\\/\",\"url\":\"https:\\\/\\\/ooatravel.com\\\/wp-content\\\/uploads\\\/2025\\\/11\\\/Logo-Jason-Shoemaker.webp\",\"contentUrl\":\"https:\\\/\\\/ooatravel.com\\\/wp-content\\\/uploads\\\/2025\\\/11\\\/Logo-Jason-Shoemaker.webp\",\"width\":500,\"height\":500,\"caption\":\"Out on Adventure Travel Experts\"},\"image\":{\"@id\":\"https:\\\/\\\/ooatravel.com\\\/#\\\/schema\\\/logo\\\/image\\\/\"},\"sameAs\":[\"https:\\\/\\\/www.facebook.com\\\/outonadventure\",\"https:\\\/\\\/instagram.com\\\/outonadventure\",\"https:\\\/\\\/www.linkedin.com\\\/company\\\/out-on-adventure-llc\\\/\"],\"description\":\"Miami-based travel advisory specializing in cruises, casino comps, group travel, luxury hotels, and personalized hosted sailings worldwide.\",\"email\":\"info@ooatravel.com\",\"telephone\":\"7862410773\",\"legalName\":\"Out on Adventure LLC\",\"foundingDate\":\"2023-06-05\",\"taxID\":\"33-1341856\",\"numberOfEmployees\":{\"@type\":\"QuantitativeValue\",\"minValue\":\"1\",\"maxValue\":\"10\"},\"publishingPrinciples\":\"https:\\\/\\\/ooatravel.com\\\/about\\\/\",\"actionableFeedbackPolicy\":\"https:\\\/\\\/ooatravel.com\\\/reviews\\\/\"},{\"@type\":\"Person\",\"@id\":\"https:\\\/\\\/ooatravel.com\\\/#\\\/schema\\\/person\\\/0ea7ed5dcc642cf272584b1d3b0f9c93\",\"name\":\"Jason\",\"image\":{\"@type\":\"ImageObject\",\"inLanguage\":\"es\",\"@id\":\"https:\\\/\\\/secure.gravatar.com\\\/avatar\\\/d59c2aa3b89422e10743a4978964eca2f36e9ad465fd6f5354af3a61be53bf79?s=96&d=mm&r=g\",\"url\":\"https:\\\/\\\/secure.gravatar.com\\\/avatar\\\/d59c2aa3b89422e10743a4978964eca2f36e9ad465fd6f5354af3a61be53bf79?s=96&d=mm&r=g\",\"contentUrl\":\"https:\\\/\\\/secure.gravatar.com\\\/avatar\\\/d59c2aa3b89422e10743a4978964eca2f36e9ad465fd6f5354af3a61be53bf79?s=96&d=mm&r=g\",\"caption\":\"Jason\"},\"url\":\"https:\\\/\\\/ooatravel.com\\\/es\\\/author\\\/jason\\\/\"}]}<\/script>\n<!-- \/ Yoast SEO Premium plugin. -->","yoast_head_json":{"title":"Pol\u00edtica de privacidad | Expertos en viajes de aventura","description":"Reserve viajes cuidadosamente seleccionados con Out on Adventure: cruceros premium, salidas con cortes\u00eda al casino VIP, complejos tur\u00edsticos de lujo y planificaci\u00f3n personalizada de asesores de viajes certificados.","robots":{"index":"index","follow":"follow","max-snippet":"max-snippet:-1","max-image-preview":"max-image-preview:large","max-video-preview":"max-video-preview:-1"},"canonical":"https:\/\/ooatravel.com\/es\/politica-de-privacidad\/","og_locale":"es_ES","og_type":"article","og_title":"Out on Adventure Travel Experts","og_description":"Premium cruises, VIP casino sailings, exclusive resort perks and expertly curated travel planning from Out on Adventure. Your next escape starts here.","og_url":"https:\/\/ooatravel.com\/es\/politica-de-privacidad\/","og_site_name":"Out on Adventure","article_publisher":"https:\/\/www.facebook.com\/outonadventure","article_modified_time":"2025-12-04T17:07:42+00:00","og_image":[{"width":500,"height":500,"url":"https:\/\/i0.wp.com\/ooatravel.com\/wp-content\/uploads\/2025\/11\/Logo-Jason-Shoemaker.webp?fit=500%2C500&ssl=1","type":"image\/webp"}],"twitter_card":"summary_large_image","twitter_misc":{"Tiempo de lectura":"3 minutos"},"schema":{"@context":"https:\/\/schema.org","@graph":[{"@type":["Article","BlogPosting"],"@id":"https:\/\/ooatravel.com\/privacy-policy\/#article","isPartOf":{"@id":"https:\/\/ooatravel.com\/privacy-policy\/"},"author":{"name":"Jason","@id":"https:\/\/ooatravel.com\/#\/schema\/person\/0ea7ed5dcc642cf272584b1d3b0f9c93"},"headline":"Privacy Policy","datePublished":"2025-10-08T18:00:38+00:00","dateModified":"2025-12-04T17:07:42+00:00","mainEntityOfPage":{"@id":"https:\/\/ooatravel.com\/privacy-policy\/"},"wordCount":682,"publisher":{"@id":"https:\/\/ooatravel.com\/#organization"},"inLanguage":"es"},{"@type":"WebPage","@id":"https:\/\/ooatravel.com\/privacy-policy\/","url":"https:\/\/ooatravel.com\/privacy-policy\/","name":"Pol\u00edtica de privacidad | Expertos en viajes de aventura","isPartOf":{"@id":"https:\/\/ooatravel.com\/#website"},"datePublished":"2025-10-08T18:00:38+00:00","dateModified":"2025-12-04T17:07:42+00:00","description":"Reserve viajes cuidadosamente seleccionados con Out on Adventure: cruceros premium, salidas con cortes\u00eda al casino VIP, complejos tur\u00edsticos de lujo y planificaci\u00f3n personalizada de asesores de viajes certificados.","breadcrumb":{"@id":"https:\/\/ooatravel.com\/privacy-policy\/#breadcrumb"},"inLanguage":"es","potentialAction":[{"@type":"ReadAction","target":["https:\/\/ooatravel.com\/privacy-policy\/"]}]},{"@type":"BreadcrumbList","@id":"https:\/\/ooatravel.com\/privacy-policy\/#breadcrumb","itemListElement":[{"@type":"ListItem","position":1,"name":"Home","item":"https:\/\/ooatravel.com\/"},{"@type":"ListItem","position":2,"name":"Privacy Policy"}]},{"@type":"WebSite","@id":"https:\/\/ooatravel.com\/#website","url":"https:\/\/ooatravel.com\/","name":"Expertos en viajes de aventura","description":"Cruceros. Resorts. Viajes VIP con casino. Selecci\u00f3n experta para cada viajero.","publisher":{"@id":"https:\/\/ooatravel.com\/#organization"},"alternateName":"OOA Travel | Jason Shoemaker","potentialAction":[{"@type":"SearchAction","target":{"@type":"EntryPoint","urlTemplate":"https:\/\/ooatravel.com\/?s={search_term_string}"},"query-input":{"@type":"PropertyValueSpecification","valueRequired":true,"valueName":"search_term_string"}}],"inLanguage":"es"},{"@type":"Organization","@id":"https:\/\/ooatravel.com\/#organization","name":"Expertos en viajes de aventura","alternateName":"OOA Travel","url":"https:\/\/ooatravel.com\/","logo":{"@type":"ImageObject","inLanguage":"es","@id":"https:\/\/ooatravel.com\/#\/schema\/logo\/image\/","url":"https:\/\/ooatravel.com\/wp-content\/uploads\/2025\/11\/Logo-Jason-Shoemaker.webp","contentUrl":"https:\/\/ooatravel.com\/wp-content\/uploads\/2025\/11\/Logo-Jason-Shoemaker.webp","width":500,"height":500,"caption":"Out on Adventure Travel Experts"},"image":{"@id":"https:\/\/ooatravel.com\/#\/schema\/logo\/image\/"},"sameAs":["https:\/\/www.facebook.com\/outonadventure","https:\/\/instagram.com\/outonadventure","https:\/\/www.linkedin.com\/company\/out-on-adventure-llc\/"],"description":"Asesor\u00eda de viajes con sede en Miami que se especializa en cruceros, premios de casino, viajes en grupo, hoteles de lujo y cruceros personalizados organizados en todo el mundo.","email":"info@ooatravel.com","telephone":"7862410773","legalName":"Out on Adventure LLC","foundingDate":"2023-06-05","taxID":"33-1341856","numberOfEmployees":{"@type":"QuantitativeValue","minValue":"1","maxValue":"10"},"publishingPrinciples":"https:\/\/ooatravel.com\/about\/","actionableFeedbackPolicy":"https:\/\/ooatravel.com\/reviews\/"},{"@type":"Person","@id":"https:\/\/ooatravel.com\/#\/schema\/person\/0ea7ed5dcc642cf272584b1d3b0f9c93","name":"Jason","image":{"@type":"ImageObject","inLanguage":"es","@id":"https:\/\/secure.gravatar.com\/avatar\/d59c2aa3b89422e10743a4978964eca2f36e9ad465fd6f5354af3a61be53bf79?s=96&d=mm&r=g","url":"https:\/\/secure.gravatar.com\/avatar\/d59c2aa3b89422e10743a4978964eca2f36e9ad465fd6f5354af3a61be53bf79?s=96&d=mm&r=g","contentUrl":"https:\/\/secure.gravatar.com\/avatar\/d59c2aa3b89422e10743a4978964eca2f36e9ad465fd6f5354af3a61be53bf79?s=96&d=mm&r=g","caption":"Jason"},"url":"https:\/\/ooatravel.com\/es\/author\/jason\/"}]}},"jetpack_sharing_enabled":true,"_links":{"self":[{"href":"https:\/\/ooatravel.com\/es\/wp-json\/wp\/v2\/pages\/3","targetHints":{"allow":["GET"]}}],"collection":[{"href":"https:\/\/ooatravel.com\/es\/wp-json\/wp\/v2\/pages"}],"about":[{"href":"https:\/\/ooatravel.com\/es\/wp-json\/wp\/v2\/types\/page"}],"author":[{"embeddable":true,"href":"https:\/\/ooatravel.com\/es\/wp-json\/wp\/v2\/users\/1"}],"replies":[{"embeddable":true,"href":"https:\/\/ooatravel.com\/es\/wp-json\/wp\/v2\/comments?post=3"}],"version-history":[{"count":2,"href":"https:\/\/ooatravel.com\/es\/wp-json\/wp\/v2\/pages\/3\/revisions"}],"predecessor-version":[{"id":270,"href":"https:\/\/ooatravel.com\/es\/wp-json\/wp\/v2\/pages\/3\/revisions\/270"}],"wp:attachment":[{"href":"https:\/\/ooatravel.com\/es\/wp-json\/wp\/v2\/media?parent=3"}],"curies":[{"name":"wp","href":"https:\/\/api.w.org\/{rel}","templated":true}]}}